{"id":468,"date":"2018-01-21T00:01:55","date_gmt":"2018-01-20T22:01:55","guid":{"rendered":"http:\/\/pozantiotokurtarma.com\/?page_id=468"},"modified":"2021-01-28T15:55:23","modified_gmt":"2021-01-28T12:55:23","slug":"pozanti-oto-kurtarma-cekici-kurtarici-yol-yardim-0532-608-21-22","status":"publish","type":"page","link":"https:\/\/pozantiotokurtarma.com\/","title":{"rendered":"Pozant\u0131 Oto Kurtarma \u00c7ekici Kurtar\u0131c\u0131 Yol Yard\u0131m 0542 261 94 08"},"content":{"rendered":"<p style=\"text-align: center;\">T\u00fcrkmenler Oto kurtarma ve Vin\u00e7 olarak Profesyonel kadromuzla Pozant\u0131 ve Tarsus&#8217;ta 5 Ara\u00e7 ile hizmet vermekteyiz. Ara\u00e7lar\u0131m\u0131z\u0131n tamam\u0131 \u00c7ekici kaskolu olup kurtarma veya \u00e7ekme esnas\u0131nda gelebilecek herhangi bir hasara kar\u015f\u0131 sigortal\u0131d\u0131r. 30 Y\u0131ll\u0131k ge\u00e7mi\u015ften ald\u0131\u011f\u0131m\u0131z tecr\u00fcbe ve g\u00fcvenle arac\u0131n\u0131z\u0131 emin ellere teslim edebilirsiniz.<\/p>\n<p style=\"text-align: center;\">Hizmetlerimiz<\/p>\n<p style=\"text-align: center;\">Yol Yard\u0131m<\/p>\n<p style=\"text-align: center;\">Oto \u00c7ekici<\/p>\n<p style=\"text-align: center;\">Oto Kurtar\u0131c\u0131<\/p>\n<p style=\"text-align: center;\">Oto Kurtarma<\/p>\n<figure id=\"attachment_184\" aria-describedby=\"caption-attachment-184\" style=\"width: 431px\" class=\"wp-caption aligncenter\"><a href=\"tel:05326082122\"><img loading=\"lazy\" class=\" wp-image-184\" src=\"http:\/\/pozantiotokurtarma.com\/wp-content\/uploads\/2016\/02\/12516313_10153746380059504_1491756683_n.jpg\" alt=\"Pozant\u0131 Oto Kurtarma\" width=\"431\" height=\"575\" srcset=\"https:\/\/pozantiotokurtarma.com\/wp-content\/uploads\/2016\/02\/12516313_10153746380059504_1491756683_n.jpg 720w, https:\/\/pozantiotokurtarma.com\/wp-content\/uploads\/2016\/02\/12516313_10153746380059504_1491756683_n-41x55.jpg 41w\" sizes=\"(max-width: 431px) 100vw, 431px\" \/><\/a><figcaption id=\"caption-attachment-184\" class=\"wp-caption-text\">Pozant\u0131 Oto Kurtarma<\/figcaption><\/figure>\n<p style=\"text-align: center;\"><a href=\"http:\/\/yoldayardim.com\">Yolda Yard\u0131m<\/a> Konusunda sadece \u00e7ekici hizmeti vermiyoruz iste\u011finize ba\u011fl\u0131 olarak anla\u015fmal\u0131 servisimiz ile arac\u0131n\u0131z\u0131n garantili bir \u015fekilde bak\u0131m onar\u0131m veya tamirini de ger\u00e7ekle\u015ftiriyoruz.<\/p>\n<p style=\"text-align: center;\">Adana, Mersin, Ni\u011fde merkez ve il\u00e7elerinin tamam\u0131na hizmet etti\u011fimiz gibi \u0130l\u00e7eleri olan Oto Kurtarma Kurtar\u0131c\u0131 \u00c7ekici Yol Yard\u0131m hizmetini Pozant\u0131, Ak\u00e7atekir (Tekir), Uluk\u0131\u015fla, \u00c7amalan, Zengen, Bor, Tarsus, Damlama, \u00c7amard\u0131, Kozan, Kemerhisar, Kolsuz Ge\u00e7idi, Eminlik, \u00c7akmak, Konya Ere\u011fli, Zengen, \u00c7iftehan, Ceyhan, Karaisal\u0131, Silifke, Ta\u015fucu, Karata\u015f, Yumurtal\u0131k, Saimbeyli, Tufanbeyli, \u0130mamo\u011flu, Kadirli, Ta\u015fp\u0131nar listede ismi ge\u00e7en t\u00fcm il\u00e7elere de hizmet vermekteyiz.<\/p>\n<p>Adana Pozant\u0131 ve Mersin Tarsus Konumlar\u0131ndan Hizmet Veren Ara\u00e7lar\u0131m\u0131z \u0130le Size En Yak\u0131n Kurtar\u0131c\u0131 Ve \u00c7ekici Hizmetini Sunuyoruz. \u0130ste\u011finize Ba\u011fl\u0131 Olarak Arac\u0131n\u0131z\u0131 \u0130stedi\u011finiz T\u00fcm \u015eehirlere Uygun Fiyatl\u0131 Ve Kaliteli G\u00fcvenilir Ta\u015f\u0131ma \u0130le Ula\u015ft\u0131r\u0131yoruz. Tek Yapman\u0131z Gereken Bize Ula\u015farak Arac\u0131n\u0131z\u0131 G\u00fcvenli Bir Noktaya Ta\u015f\u0131man\u0131zd\u0131r.<\/p>\n<p>Profesyonel Yol Yard\u0131m Ekibimiz Size En K\u0131sa Zamanda Yard\u0131mc\u0131 Olacakt\u0131r. Sa\u011fl\u0131\u011f\u0131n\u0131z Ve G\u00fcvenli\u011finiz \u0130\u00e7in L\u00fctfen Arac\u0131n\u0131z\u0131n En Az 30 Metre Gerisine Reflekt\u00f6r Koyunuz Ve G\u00fcvenli Bir Konumda Yol Yard\u0131m Ekibimizi Bekleyiniz.<\/p>\n<p style=\"text-align: center;\">K\u00fc\u00e7\u00fck ve orta \u00f6l\u00e7ekli t\u00fcm ara\u00e7lara (Otomobil, Motosiklet, Otob\u00fcs, Minib\u00fcs, Kamyon, T\u0131r, \u0130\u015f Makinas\u0131) hizmet vermekteyiz. \u015eehirler aras\u0131 oto ta\u015f\u0131ma ve a\u011f\u0131r ara\u00e7 y\u00fckleme i\u015fleri de yapmaktay\u0131z.<\/p>\n<p style=\"text-align: center;\">Yolda arac\u0131n ar\u0131za yapmas\u0131n\u0131n ve yolda mahsur kalman\u0131n ne denli zor bir durum oldu\u011funun bilinciyle siz de\u011ferli m\u00fc\u015fterilerimize yard\u0131m etmekteyiz. Uygun fiyat politikam\u0131zla verdi\u011fimiz kaliteli hizmetten memnun kalman\u0131z\u0131 umuyoruz.<\/p>\n<p style=\"text-align: center;\">Bize bu numaralardan 7 g\u00fcn 24 saat ula\u015fabilirsiniz.<\/p>\n<h1 style=\"text-align: center;\">0532 608 28 27<\/h1>\n<h1 style=\"text-align: center;\">0542 261 94 08<\/h1>\n<figure id=\"attachment_495\" aria-describedby=\"caption-attachment-495\" style=\"width: 900px\" class=\"wp-caption aligncenter\"><a href=\"tel:\/\/05326082122\"><img loading=\"lazy\" class=\"size-full wp-image-495\" src=\"http:\/\/pozantiotokurtarma.com\/wp-content\/uploads\/2018\/02\/pozant\u0131-oto-\u00e7ekici.jpg\" alt=\"pozant\u0131 oto kurtar\u0131c\u0131\" width=\"900\" height=\"604\" srcset=\"https:\/\/pozantiotokurtarma.com\/wp-content\/uploads\/2018\/02\/pozant\u0131-oto-\u00e7ekici.jpg 900w, https:\/\/pozantiotokurtarma.com\/wp-content\/uploads\/2018\/02\/pozant\u0131-oto-\u00e7ekici-300x201.jpg 300w, https:\/\/pozantiotokurtarma.com\/wp-content\/uploads\/2018\/02\/pozant\u0131-oto-\u00e7ekici-768x515.jpg 768w\" sizes=\"(max-width: 900px) 100vw, 900px\" \/><\/a><figcaption id=\"caption-attachment-495\" class=\"wp-caption-text\">pozant\u0131 oto kurtarma<\/figcaption><\/figure>\n","protected":false},"excerpt":{"rendered":"<p>T\u00fcrkmenler Oto kurtarma ve Vin\u00e7 olarak Profesyonel kadromuzla Pozant\u0131 ve Tarsus&#8217;ta 5 Ara\u00e7 ile hizmet vermekteyiz. Ara\u00e7lar\u0131m\u0131z\u0131n tamam\u0131 \u00c7ekici kaskolu olup kurtarma veya \u00e7ekme esnas\u0131nda gelebilecek herhangi bir hasara kar\u015f\u0131 sigortal\u0131d\u0131r. 30 Y\u0131ll\u0131k ge\u00e7mi\u015ften ald\u0131\u011f\u0131m\u0131z tecr\u00fcbe ve g\u00fcvenle arac\u0131n\u0131z\u0131 emin ellere teslim edebilirsiniz. Hizmetlerimiz Yol Yard\u0131m Oto \u00c7ekici Oto Kurtar\u0131c\u0131 Oto Kurtarma Yolda Yard\u0131m Konusunda &hellip; <a href=\"https:\/\/pozantiotokurtarma.com\/\" class=\"more-link\"><span class=\"screen-reader-text\">Pozant\u0131 Oto Kurtarma \u00c7ekici Kurtar\u0131c\u0131 Yol Yard\u0131m 0542 261 94 08<\/span> yaz\u0131s\u0131na devam et <span class=\"meta-nav\">&rarr;<\/span><\/a><\/p>\n","protected":false},"author":1,"featured_media":0,"parent":0,"menu_order":0,"comment_status":"closed","ping_status":"closed","template":"","meta":[],"_links":{"self":[{"href":"https:\/\/pozantiotokurtarma.com\/index.php\/wp-json\/wp\/v2\/pages\/468"}],"collection":[{"href":"https:\/\/pozantiotokurtarma.com\/index.php\/wp-json\/wp\/v2\/pages"}],"about":[{"href":"https:\/\/pozantiotokurtarma.com\/index.php\/wp-json\/wp\/v2\/types\/page"}],"author":[{"embeddable":true,"href":"https:\/\/pozantiotokurtarma.com\/index.php\/wp-json\/wp\/v2\/users\/1"}],"replies":[{"embeddable":true,"href":"https:\/\/pozantiotokurtarma.com\/index.php\/wp-json\/wp\/v2\/comments?post=468"}],"version-history":[{"count":8,"href":"https:\/\/pozantiotokurtarma.com\/index.php\/wp-json\/wp\/v2\/pages\/468\/revisions"}],"predecessor-version":[{"id":527,"href":"https:\/\/pozantiotokurtarma.com\/index.php\/wp-json\/wp\/v2\/pages\/468\/revisions\/527"}],"wp:attachment":[{"href":"https:\/\/pozantiotokurtarma.com\/index.php\/wp-json\/wp\/v2\/media?parent=468"}],"curies":[{"name":"wp","href":"https:\/\/api.w.org\/{rel}","templated":true}]}}