{"id":46,"date":"2016-02-16T19:34:45","date_gmt":"2016-02-16T17:34:45","guid":{"rendered":"http:\/\/pozantiotokurtarma.com\/?page_id=46"},"modified":"2017-01-28T14:07:02","modified_gmt":"2017-01-28T12:07:02","slug":"pozanti-cekici-hizmetleri","status":"publish","type":"page","link":"https:\/\/pozantiotokurtarma.com\/index.php\/pozanti-cekici-hizmetleri\/","title":{"rendered":"Hizmetlerimiz"},"content":{"rendered":"<p><a href=\"tel:05326082122\">0532 608 21 22 Mobil Telefonunuzdan buraya T\u0131klayarak bizi arayabilirsiniz.<\/a><\/p>\n<p>Oto \u00c7ekici Hizmetleri\u00a0Kurtarma kurtar\u0131c\u0131 yol yard\u0131m<\/p>\n<p>Kamyon \u00c7ekici Hizmetleri\u00a0Kurtarma kurtar\u0131c\u0131 yol yard\u0131m<\/p>\n<p>Otob\u00fcs \u00c7ekici Hizmetleri\u00a0Kurtarma kurtar\u0131c\u0131 yol yard\u0131m<\/p>\n<p>Vin\u00e7 Oto Kurtarma Hizmetleri\u00a0Kurtarma kurtar\u0131c\u0131 yol yard\u0131m<\/p>\n<p>Oto Yol Yard\u0131m Hizmetleri\u00a0Kurtarma kurtar\u0131c\u0131 yol yard\u0131m<\/p>\n<p>Kaza Yapan Ara\u00e7 \u00c7ekici Hizmetleri\u00a0Kurtarma kurtar\u0131c\u0131 yol yard\u0131m<\/p>\n<p>Ar\u0131zalanan Ara\u00e7 \u00c7ekici Hizmetleri\u00a0Kurtarma kurtar\u0131c\u0131 yol yard\u0131m<\/p>\n<p>Takla Atan \u015earampole Yuvarlanan Ara\u00e7 Kurtarma Hizmetleri<\/p>\n<p>Yak\u0131t\u0131 Biten Ara\u00e7lar\u0131 Benzin istasyonuna \u00e7ekme Hizmetleri<\/p>\n<p>Ar\u0131zalanan Arac\u0131n Anla\u015fmal\u0131 Serviste Garantili\u00a0Yapt\u0131r\u0131lmas\u0131 Hizmetleri<\/p>\n<p>Lasti\u011fi Patlayan Ara\u00e7lar \u0130\u00e7in Yol Yard\u0131m Hizmetleri<\/p>\n<p>Verilmektedir Bunlar D\u0131\u015f\u0131nda Hizmetler \u0130\u00e7in L\u00fctfen Bizimle ileti\u015fime Ge\u00e7iniz.<\/p>\n<p>T\u00dcRKMENLER V\u0130N\u00c7 VE ARA\u00c7 KURTARMA SAN. T\u0130C. LTD. \u015eT\u0130.<\/p>\n<h2 style=\"text-align: center;\">0532 608 21 22<\/h2>\n<h2 style=\"text-align: center;\">0505 541 41 28<\/h2>\n<figure id=\"attachment_373\" aria-describedby=\"caption-attachment-373\" style=\"width: 1024px\" class=\"wp-caption alignnone\"><img loading=\"lazy\" class=\"wp-image-373 size-full\" src=\"http:\/\/pozantiotokurtarma.com\/wp-content\/uploads\/2016\/02\/mountain-1024x405-1.jpg\" alt=\"Pozant\u0131 ara\u00e7 \u00e7ekici\" width=\"1024\" height=\"362\" srcset=\"https:\/\/pozantiotokurtarma.com\/wp-content\/uploads\/2016\/02\/mountain-1024x405-1.jpg 1024w, https:\/\/pozantiotokurtarma.com\/wp-content\/uploads\/2016\/02\/mountain-1024x405-1-300x106.jpg 300w, https:\/\/pozantiotokurtarma.com\/wp-content\/uploads\/2016\/02\/mountain-1024x405-1-768x272.jpg 768w\" sizes=\"(max-width: 1024px) 100vw, 1024px\" \/><figcaption id=\"caption-attachment-373\" class=\"wp-caption-text\">Pozant\u0131 ara\u00e7 \u00e7ekici<\/figcaption><\/figure>\n<p>Tarsus Yenik\u00f6y Tarsus Kurbanl\u0131 Tarsus Sa\u011fl\u0131kl\u0131 Tarsus G\u00fcrl\u00fc Ta\u015fobas\u0131 Kadelli \u00e7iftlikk\u00f6y yolu\u00a0Karak\u00fct\u00fck Yenik\u00f6y \u00c7evizli\u00e7e\u015fme g\u00fclek Eskikonac\u0131k G\u00f6kbez Hasangazi Baya\u011f\u0131l K\u0131rkge\u00e7it T\u00fcneli Ba\u015fmak\u00e7\u0131 Kavuklu Havuzlu Karamahmutlu il\u00e7e kasaba ve k\u00f6ylerine oto kurtarma kurtar\u0131c\u0131 yol yard\u0131m \u00e7ekici hizmetimiz ba\u015flam\u0131\u015ft\u0131r.<\/p>\n<p>&nbsp;<\/p>\n","protected":false},"excerpt":{"rendered":"<p>0532 608 21 22 Mobil Telefonunuzdan buraya T\u0131klayarak bizi arayabilirsiniz. Oto \u00c7ekici Hizmetleri\u00a0Kurtarma kurtar\u0131c\u0131 yol yard\u0131m Kamyon \u00c7ekici Hizmetleri\u00a0Kurtarma kurtar\u0131c\u0131 yol yard\u0131m Otob\u00fcs \u00c7ekici Hizmetleri\u00a0Kurtarma kurtar\u0131c\u0131 yol yard\u0131m Vin\u00e7 Oto Kurtarma Hizmetleri\u00a0Kurtarma kurtar\u0131c\u0131 yol yard\u0131m Oto Yol Yard\u0131m Hizmetleri\u00a0Kurtarma kurtar\u0131c\u0131 yol yard\u0131m Kaza Yapan Ara\u00e7 \u00c7ekici Hizmetleri\u00a0Kurtarma kurtar\u0131c\u0131 yol yard\u0131m Ar\u0131zalanan Ara\u00e7 \u00c7ekici Hizmetleri\u00a0Kurtarma kurtar\u0131c\u0131 &hellip; <a href=\"https:\/\/pozantiotokurtarma.com\/index.php\/pozanti-cekici-hizmetleri\/\" class=\"more-link\"><span class=\"screen-reader-text\">Hizmetlerimiz<\/span> yaz\u0131s\u0131na devam et <span class=\"meta-nav\">&rarr;<\/span><\/a><\/p>\n","protected":false},"author":1,"featured_media":0,"parent":0,"menu_order":0,"comment_status":"closed","ping_status":"closed","template":"","meta":[],"_links":{"self":[{"href":"https:\/\/pozantiotokurtarma.com\/index.php\/wp-json\/wp\/v2\/pages\/46"}],"collection":[{"href":"https:\/\/pozantiotokurtarma.com\/index.php\/wp-json\/wp\/v2\/pages"}],"about":[{"href":"https:\/\/pozantiotokurtarma.com\/index.php\/wp-json\/wp\/v2\/types\/page"}],"author":[{"embeddable":true,"href":"https:\/\/pozantiotokurtarma.com\/index.php\/wp-json\/wp\/v2\/users\/1"}],"replies":[{"embeddable":true,"href":"https:\/\/pozantiotokurtarma.com\/index.php\/wp-json\/wp\/v2\/comments?post=46"}],"version-history":[{"count":14,"href":"https:\/\/pozantiotokurtarma.com\/index.php\/wp-json\/wp\/v2\/pages\/46\/revisions"}],"predecessor-version":[{"id":446,"href":"https:\/\/pozantiotokurtarma.com\/index.php\/wp-json\/wp\/v2\/pages\/46\/revisions\/446"}],"wp:attachment":[{"href":"https:\/\/pozantiotokurtarma.com\/index.php\/wp-json\/wp\/v2\/media?parent=46"}],"curies":[{"name":"wp","href":"https:\/\/api.w.org\/{rel}","templated":true}]}}