{"id":42,"date":"2016-02-16T19:15:39","date_gmt":"2016-02-16T17:15:39","guid":{"rendered":"http:\/\/pozantiotokurtarma.com\/?page_id=42"},"modified":"2019-02-10T20:47:51","modified_gmt":"2019-02-10T17:47:51","slug":"iletisim-telefon-numarasi","status":"publish","type":"page","link":"https:\/\/pozantiotokurtarma.com\/index.php\/iletisim-telefon-numarasi\/","title":{"rendered":"\u0130leti\u015fim"},"content":{"rendered":"<p>T\u00dcRKMENLER V\u0130N\u00c7 VE ARA\u00c7 KURTARMA SAN. T\u0130C. LTD. ST\u0130.<\/p>\n<p>Kurtulu\u015f Mahallesi \u015eehit Hatice Hatun Sokak No: 1042 Pozant\u0131 Adana 01470 Pozant\u0131\/Adana<\/p>\n<p><a href=\"tel:05326082827\">0532 608 28 27 Mobil Telefonunuzdan buraya T\u0131klayarak bizi arayabilirsiniz.<\/a><\/p>\n<p>Sabit Telefon: <strong>0322 5812166<\/strong><\/p>\n<p>Cep Telefonu: <strong>0532 6082827<\/strong><\/p>\n<p>Cep Telefonu: <strong>0542 2619408<\/strong><\/p>\n<p>7 G\u00fcn 24 Saat Hizmet verilmektedir.<\/p>\n<p>Pozant\u0131da uygun fiyat kaliteli hizmetin tek adresi.<\/p>\n<figure id=\"attachment_374\" aria-describedby=\"caption-attachment-374\" style=\"width: 454px\" class=\"wp-caption alignnone\"><img loading=\"lazy\" class=\"wp-image-374 size-full\" src=\"http:\/\/pozantiotokurtarma.com\/wp-content\/uploads\/2016\/02\/\u00e7ekici-1-1.png\" alt=\"Pozant\u0131 Oto \u00c7ekici\" width=\"454\" height=\"87\" srcset=\"https:\/\/pozantiotokurtarma.com\/wp-content\/uploads\/2016\/02\/\u00e7ekici-1-1.png 454w, https:\/\/pozantiotokurtarma.com\/wp-content\/uploads\/2016\/02\/\u00e7ekici-1-1-300x57.png 300w\" sizes=\"(max-width: 454px) 100vw, 454px\" \/><figcaption id=\"caption-attachment-374\" class=\"wp-caption-text\">Pozant\u0131 Oto \u00c7ekici<\/figcaption><\/figure>\n","protected":false},"excerpt":{"rendered":"<p>T\u00dcRKMENLER V\u0130N\u00c7 VE ARA\u00c7 KURTARMA SAN. T\u0130C. LTD. ST\u0130. Kurtulu\u015f Mahallesi \u015eehit Hatice Hatun Sokak No: 1042 Pozant\u0131 Adana 01470 Pozant\u0131\/Adana 0532 608 28 27 Mobil Telefonunuzdan buraya T\u0131klayarak bizi arayabilirsiniz. Sabit Telefon: 0322 5812166 Cep Telefonu: 0532 6082827 Cep Telefonu: 0542 2619408 7 G\u00fcn 24 Saat Hizmet verilmektedir. Pozant\u0131da uygun fiyat kaliteli hizmetin tek &hellip; <a href=\"https:\/\/pozantiotokurtarma.com\/index.php\/iletisim-telefon-numarasi\/\" class=\"more-link\"><span class=\"screen-reader-text\">\u0130leti\u015fim<\/span> yaz\u0131s\u0131na devam et <span class=\"meta-nav\">&rarr;<\/span><\/a><\/p>\n","protected":false},"author":1,"featured_media":0,"parent":0,"menu_order":0,"comment_status":"closed","ping_status":"closed","template":"","meta":[],"_links":{"self":[{"href":"https:\/\/pozantiotokurtarma.com\/index.php\/wp-json\/wp\/v2\/pages\/42"}],"collection":[{"href":"https:\/\/pozantiotokurtarma.com\/index.php\/wp-json\/wp\/v2\/pages"}],"about":[{"href":"https:\/\/pozantiotokurtarma.com\/index.php\/wp-json\/wp\/v2\/types\/page"}],"author":[{"embeddable":true,"href":"https:\/\/pozantiotokurtarma.com\/index.php\/wp-json\/wp\/v2\/users\/1"}],"replies":[{"embeddable":true,"href":"https:\/\/pozantiotokurtarma.com\/index.php\/wp-json\/wp\/v2\/comments?post=42"}],"version-history":[{"count":15,"href":"https:\/\/pozantiotokurtarma.com\/index.php\/wp-json\/wp\/v2\/pages\/42\/revisions"}],"predecessor-version":[{"id":515,"href":"https:\/\/pozantiotokurtarma.com\/index.php\/wp-json\/wp\/v2\/pages\/42\/revisions\/515"}],"wp:attachment":[{"href":"https:\/\/pozantiotokurtarma.com\/index.php\/wp-json\/wp\/v2\/media?parent=42"}],"curies":[{"name":"wp","href":"https:\/\/api.w.org\/{rel}","templated":true}]}}