{"id":36,"date":"2016-02-16T17:19:01","date_gmt":"2016-02-16T15:19:01","guid":{"rendered":"http:\/\/pozantiotokurtarma.com\/?page_id=36"},"modified":"2017-01-28T14:15:32","modified_gmt":"2017-01-28T12:15:32","slug":"pozantiarackurtarici","status":"publish","type":"page","link":"https:\/\/pozantiotokurtarma.com\/index.php\/pozanti-oto-kurtarma-2\/pozantiarackurtarici\/","title":{"rendered":"Pozant\u0131 ara\u00e7 kurtar\u0131c\u0131 0532 6082122"},"content":{"rendered":"<figure id=\"attachment_373\" aria-describedby=\"caption-attachment-373\" style=\"width: 1024px\" class=\"wp-caption alignnone\"><img loading=\"lazy\" class=\"wp-image-373 size-full\" src=\"http:\/\/pozantiotokurtarma.com\/wp-content\/uploads\/2016\/02\/mountain-1024x405-1.jpg\" alt=\"Pozant\u0131 ara\u00e7 \u00e7ekici\" width=\"1024\" height=\"362\" srcset=\"https:\/\/pozantiotokurtarma.com\/wp-content\/uploads\/2016\/02\/mountain-1024x405-1.jpg 1024w, https:\/\/pozantiotokurtarma.com\/wp-content\/uploads\/2016\/02\/mountain-1024x405-1-300x106.jpg 300w, https:\/\/pozantiotokurtarma.com\/wp-content\/uploads\/2016\/02\/mountain-1024x405-1-768x272.jpg 768w\" sizes=\"(max-width: 1024px) 100vw, 1024px\" \/><figcaption id=\"caption-attachment-373\" class=\"wp-caption-text\">Pozant\u0131 ara\u00e7 \u00e7ekici<\/figcaption><\/figure>\n<p>Pozant\u0131da yoldam\u0131 kald\u0131n\u0131z hi\u00e7 dert etmeyin size bir telefon kadar yak\u0131n\u0131z 7 g\u00fcn 24 saat nerede olursan\u0131z s\u0131k\u0131nt\u0131 de\u011fil bizlere bu numaralardan ula\u015fabilirsiniz en iyi hizmet garantisini veriyoruz.<\/p>\n<p>Uygun fiyat ve kaliteyi birle\u015ftirdik.<\/p>\n<h2 style=\"text-align: center;\">0532 608 21 22<\/h2>\n<h2 style=\"text-align: center;\">0505 541 41 28<\/h2>\n<figure id=\"attachment_6\" aria-describedby=\"caption-attachment-6\" style=\"width: 720px\" class=\"wp-caption alignnone\"><img loading=\"lazy\" class=\"size-full wp-image-6\" src=\"http:\/\/pozantiotokurtarma.com\/wp-content\/uploads\/2016\/02\/pozant\u0131.jpg\" alt=\"pozant\u0131 araba kurtarma hizmetleri\" width=\"720\" height=\"960\" srcset=\"https:\/\/pozantiotokurtarma.com\/wp-content\/uploads\/2016\/02\/pozant\u0131.jpg 720w, https:\/\/pozantiotokurtarma.com\/wp-content\/uploads\/2016\/02\/pozant\u0131-225x300.jpg 225w, https:\/\/pozantiotokurtarma.com\/wp-content\/uploads\/2016\/02\/pozant\u0131-41x55.jpg 41w\" sizes=\"(max-width: 720px) 100vw, 720px\" \/><figcaption id=\"caption-attachment-6\" class=\"wp-caption-text\">Pozant\u0131 oto kurtar\u0131c\u0131<\/figcaption><\/figure>\n","protected":false},"excerpt":{"rendered":"<p>Pozant\u0131da yoldam\u0131 kald\u0131n\u0131z hi\u00e7 dert etmeyin size bir telefon kadar yak\u0131n\u0131z 7 g\u00fcn 24 saat nerede olursan\u0131z s\u0131k\u0131nt\u0131 de\u011fil bizlere bu numaralardan ula\u015fabilirsiniz en iyi hizmet garantisini veriyoruz. Uygun fiyat ve kaliteyi birle\u015ftirdik. 0532 608 21 22 0505 541 41 28<\/p>\n","protected":false},"author":1,"featured_media":0,"parent":2,"menu_order":0,"comment_status":"closed","ping_status":"closed","template":"","meta":[],"_links":{"self":[{"href":"https:\/\/pozantiotokurtarma.com\/index.php\/wp-json\/wp\/v2\/pages\/36"}],"collection":[{"href":"https:\/\/pozantiotokurtarma.com\/index.php\/wp-json\/wp\/v2\/pages"}],"about":[{"href":"https:\/\/pozantiotokurtarma.com\/index.php\/wp-json\/wp\/v2\/types\/page"}],"author":[{"embeddable":true,"href":"https:\/\/pozantiotokurtarma.com\/index.php\/wp-json\/wp\/v2\/users\/1"}],"replies":[{"embeddable":true,"href":"https:\/\/pozantiotokurtarma.com\/index.php\/wp-json\/wp\/v2\/comments?post=36"}],"version-history":[{"count":6,"href":"https:\/\/pozantiotokurtarma.com\/index.php\/wp-json\/wp\/v2\/pages\/36\/revisions"}],"predecessor-version":[{"id":454,"href":"https:\/\/pozantiotokurtarma.com\/index.php\/wp-json\/wp\/v2\/pages\/36\/revisions\/454"}],"up":[{"embeddable":true,"href":"https:\/\/pozantiotokurtarma.com\/index.php\/wp-json\/wp\/v2\/pages\/2"}],"wp:attachment":[{"href":"https:\/\/pozantiotokurtarma.com\/index.php\/wp-json\/wp\/v2\/media?parent=36"}],"curies":[{"name":"wp","href":"https:\/\/api.w.org\/{rel}","templated":true}]}}