{"id":321,"date":"2016-06-21T20:06:48","date_gmt":"2016-06-21T17:06:48","guid":{"rendered":"http:\/\/pozantiotokurtarma.com\/?page_id=321"},"modified":"2017-01-28T14:17:45","modified_gmt":"2017-01-28T12:17:45","slug":"pozanti-yol-durumu-son-dakika","status":"publish","type":"page","link":"https:\/\/pozantiotokurtarma.com\/index.php\/pozanti-yol-durumu-son-dakika\/","title":{"rendered":"Pozant\u0131 Yol Durumu Son Dakika"},"content":{"rendered":"<p>Adana Pozant\u0131 il\u00e7esi yol ve hava durumu son dakika hava durumu ya\u011f\u0131\u015f durumu Adana pozant\u0131 yolu a\u00e7\u0131k m\u0131 son durum nedir?<br \/>\nAdana Tekir Hava durumu Son dakika\u00a0Pozant\u0131 yol durumu<\/p>\n<p><img style=\"width: 100px; height: 70px;\" src=\"http:\/\/www.mgm.gov.tr\/sunum\/sondurum-klasik-5070.aspx?m=POZANTI&amp;rC=111&amp;rZ=fff\" alt=\"POZANTI\" \/><br \/>\n<img style=\"width: 250px; height: 70px;\" src=\"http:\/\/www.mgm.gov.tr\/sunum\/tahmin-klasik-5070.aspx?m=POZANTI&amp;basla=1&amp;bitir=5&amp;rC=111&amp;rZ=fff\" alt=\"POZANTI\" \/><\/p>\n<h2>0532 608 21 22<\/h2>\n<h2>0505 541 41 28<\/h2>\n","protected":false},"excerpt":{"rendered":"<p>Adana Pozant\u0131 il\u00e7esi yol ve hava durumu son dakika hava durumu ya\u011f\u0131\u015f durumu Adana pozant\u0131 yolu a\u00e7\u0131k m\u0131 son durum nedir? Adana Tekir Hava durumu Son dakika\u00a0Pozant\u0131 yol durumu 0532 608 21 22 0505 541 41 28<\/p>\n","protected":false},"author":1,"featured_media":0,"parent":0,"menu_order":0,"comment_status":"closed","ping_status":"closed","template":"","meta":[],"_links":{"self":[{"href":"https:\/\/pozantiotokurtarma.com\/index.php\/wp-json\/wp\/v2\/pages\/321"}],"collection":[{"href":"https:\/\/pozantiotokurtarma.com\/index.php\/wp-json\/wp\/v2\/pages"}],"about":[{"href":"https:\/\/pozantiotokurtarma.com\/index.php\/wp-json\/wp\/v2\/types\/page"}],"author":[{"embeddable":true,"href":"https:\/\/pozantiotokurtarma.com\/index.php\/wp-json\/wp\/v2\/users\/1"}],"replies":[{"embeddable":true,"href":"https:\/\/pozantiotokurtarma.com\/index.php\/wp-json\/wp\/v2\/comments?post=321"}],"version-history":[{"count":9,"href":"https:\/\/pozantiotokurtarma.com\/index.php\/wp-json\/wp\/v2\/pages\/321\/revisions"}],"predecessor-version":[{"id":456,"href":"https:\/\/pozantiotokurtarma.com\/index.php\/wp-json\/wp\/v2\/pages\/321\/revisions\/456"}],"wp:attachment":[{"href":"https:\/\/pozantiotokurtarma.com\/index.php\/wp-json\/wp\/v2\/media?parent=321"}],"curies":[{"name":"wp","href":"https:\/\/api.w.org\/{rel}","templated":true}]}}