{"id":230,"date":"2016-02-26T20:09:56","date_gmt":"2016-02-26T18:09:56","guid":{"rendered":"http:\/\/pozantiotokurtarma.com\/?page_id=230"},"modified":"2017-01-28T14:09:48","modified_gmt":"2017-01-28T12:09:48","slug":"pozanti-arac-cekici","status":"publish","type":"page","link":"https:\/\/pozantiotokurtarma.com\/index.php\/pozanti-arac-cekici\/","title":{"rendered":"Pozant\u0131 Ara\u00e7 \u00c7ekici"},"content":{"rendered":"<p>Pozant\u0131&#8217;n\u0131n en iyi en kaliteli en g\u00fcvenilir ara\u00e7 \u00e7ekici kurtar\u0131c\u0131 oto yol yard\u0131m kurtarma ve vin\u00e7 \u015firketi olarak \u00a0ge\u00e7mi\u015ften ald\u0131\u011f\u0131m\u0131z tecr\u00fcbemizle siz de\u011ferli m\u00fc\u015fterilerimize kaliteli hizmeti uygun fiyatla sunuyoruz.<\/p>\n<figure id=\"attachment_376\" aria-describedby=\"caption-attachment-376\" style=\"width: 1024px\" class=\"wp-caption alignnone\"><img loading=\"lazy\" class=\"wp-image-376 size-full\" src=\"http:\/\/pozantiotokurtarma.com\/wp-content\/uploads\/2016\/12\/mountain-1024x405.jpg\" alt=\"Pozant\u0131 Oto Kurtarma\" width=\"1024\" height=\"362\" srcset=\"https:\/\/pozantiotokurtarma.com\/wp-content\/uploads\/2016\/12\/mountain-1024x405.jpg 1024w, https:\/\/pozantiotokurtarma.com\/wp-content\/uploads\/2016\/12\/mountain-1024x405-300x106.jpg 300w, https:\/\/pozantiotokurtarma.com\/wp-content\/uploads\/2016\/12\/mountain-1024x405-768x272.jpg 768w\" sizes=\"(max-width: 1024px) 100vw, 1024px\" \/><figcaption id=\"caption-attachment-376\" class=\"wp-caption-text\">Pozant\u0131 Oto Kurtarma<\/figcaption><\/figure>\n<p>7 G\u00fcn 24 saat oto yard\u0131m \u00e7ekici ve kurtar\u0131c\u0131 hizmetimiz vard\u0131r g\u00fcn\u00fcn her saati bize ula\u015fabilirsiniz.<\/p>\n<figure id=\"attachment_374\" aria-describedby=\"caption-attachment-374\" style=\"width: 454px\" class=\"wp-caption alignnone\"><img loading=\"lazy\" class=\"wp-image-374 size-full\" src=\"http:\/\/pozantiotokurtarma.com\/wp-content\/uploads\/2016\/02\/\u00e7ekici-1-1.png\" alt=\"Pozant\u0131 Oto \u00c7ekici\" width=\"454\" height=\"87\" srcset=\"https:\/\/pozantiotokurtarma.com\/wp-content\/uploads\/2016\/02\/\u00e7ekici-1-1.png 454w, https:\/\/pozantiotokurtarma.com\/wp-content\/uploads\/2016\/02\/\u00e7ekici-1-1-300x57.png 300w\" sizes=\"(max-width: 454px) 100vw, 454px\" \/><figcaption id=\"caption-attachment-374\" class=\"wp-caption-text\">Pozant\u0131 Oto \u00c7ekici<\/figcaption><\/figure>\n<p>&nbsp;<\/p>\n<h2 style=\"text-align: center;\">0532 608 21 22<\/h2>\n<h2 style=\"text-align: center;\">0505 541 41 28<\/h2>\n<p>Yolda yard\u0131m oto yol yard\u0131m K\u0131rkge\u00e7it viyad\u00fc\u011f\u00fc k\u0131rkge\u00e7it ge\u00e7idi \u00e7ak\u0131t viyad\u00fc\u011f\u00fc \u00e7ak\u0131t ge\u00e7idi uluk\u0131\u015fla pozant\u0131 tarsus damlama tekir ak\u00e7atekir oto kurtarma \u00e7ekici kurtar\u0131c\u0131 yol yard\u0131m hizmetleri<\/p>\n","protected":false},"excerpt":{"rendered":"<p>Pozant\u0131&#8217;n\u0131n en iyi en kaliteli en g\u00fcvenilir ara\u00e7 \u00e7ekici kurtar\u0131c\u0131 oto yol yard\u0131m kurtarma ve vin\u00e7 \u015firketi olarak \u00a0ge\u00e7mi\u015ften ald\u0131\u011f\u0131m\u0131z tecr\u00fcbemizle siz de\u011ferli m\u00fc\u015fterilerimize kaliteli hizmeti uygun fiyatla sunuyoruz. 7 G\u00fcn 24 saat oto yard\u0131m \u00e7ekici ve kurtar\u0131c\u0131 hizmetimiz vard\u0131r g\u00fcn\u00fcn her saati bize ula\u015fabilirsiniz. &nbsp; 0532 608 21 22 0505 541 41 28 Yolda &hellip; <a href=\"https:\/\/pozantiotokurtarma.com\/index.php\/pozanti-arac-cekici\/\" class=\"more-link\"><span class=\"screen-reader-text\">Pozant\u0131 Ara\u00e7 \u00c7ekici<\/span> yaz\u0131s\u0131na devam et <span class=\"meta-nav\">&rarr;<\/span><\/a><\/p>\n","protected":false},"author":1,"featured_media":0,"parent":0,"menu_order":0,"comment_status":"closed","ping_status":"closed","template":"","meta":[],"_links":{"self":[{"href":"https:\/\/pozantiotokurtarma.com\/index.php\/wp-json\/wp\/v2\/pages\/230"}],"collection":[{"href":"https:\/\/pozantiotokurtarma.com\/index.php\/wp-json\/wp\/v2\/pages"}],"about":[{"href":"https:\/\/pozantiotokurtarma.com\/index.php\/wp-json\/wp\/v2\/types\/page"}],"author":[{"embeddable":true,"href":"https:\/\/pozantiotokurtarma.com\/index.php\/wp-json\/wp\/v2\/users\/1"}],"replies":[{"embeddable":true,"href":"https:\/\/pozantiotokurtarma.com\/index.php\/wp-json\/wp\/v2\/comments?post=230"}],"version-history":[{"count":5,"href":"https:\/\/pozantiotokurtarma.com\/index.php\/wp-json\/wp\/v2\/pages\/230\/revisions"}],"predecessor-version":[{"id":448,"href":"https:\/\/pozantiotokurtarma.com\/index.php\/wp-json\/wp\/v2\/pages\/230\/revisions\/448"}],"wp:attachment":[{"href":"https:\/\/pozantiotokurtarma.com\/index.php\/wp-json\/wp\/v2\/media?parent=230"}],"curies":[{"name":"wp","href":"https:\/\/api.w.org\/{rel}","templated":true}]}}