{"id":207,"date":"2016-02-24T21:36:10","date_gmt":"2016-02-24T19:36:10","guid":{"rendered":"http:\/\/pozantiotokurtarma.com\/?page_id=207"},"modified":"2017-01-28T14:18:44","modified_gmt":"2017-01-28T12:18:44","slug":"pozanti-yol-yardim","status":"publish","type":"page","link":"https:\/\/pozantiotokurtarma.com\/index.php\/pozanti-yol-yardim\/","title":{"rendered":"Pozant\u0131 Yol Yard\u0131m"},"content":{"rendered":"<figure id=\"attachment_376\" aria-describedby=\"caption-attachment-376\" style=\"width: 1024px\" class=\"wp-caption alignnone\"><img loading=\"lazy\" class=\"wp-image-376 size-full\" src=\"http:\/\/pozantiotokurtarma.com\/wp-content\/uploads\/2016\/12\/mountain-1024x405.jpg\" alt=\"Pozant\u0131 Oto Kurtarma\" width=\"1024\" height=\"362\" srcset=\"https:\/\/pozantiotokurtarma.com\/wp-content\/uploads\/2016\/12\/mountain-1024x405.jpg 1024w, https:\/\/pozantiotokurtarma.com\/wp-content\/uploads\/2016\/12\/mountain-1024x405-300x106.jpg 300w, https:\/\/pozantiotokurtarma.com\/wp-content\/uploads\/2016\/12\/mountain-1024x405-768x272.jpg 768w\" sizes=\"(max-width: 1024px) 100vw, 1024px\" \/><figcaption id=\"caption-attachment-376\" class=\"wp-caption-text\">Pozant\u0131 Oto Kurtarma<\/figcaption><\/figure>\n<p>Pozant\u0131 ve Tarsus yolu ve otoyolunda hizmet vermekte olan kurtar\u0131c\u0131 \u00e7ekici oto kurtarma acil oto servis oto servis t\u0131r kamyon otomobil ara\u00e7 araba vin\u00e7 hizmetleri veren \u015firketimiz 7 g\u00fcn 24 saat hizmetinizde uygun ucuz fiyat kaliteli oto servis hizmetleri i\u00e7in bize ula\u015f\u0131n.<\/p>\n<p>Bizden fiyat almadan arac\u0131n\u0131z\u0131 \u00e7ektirmeyin.<\/p>\n<h2 style=\"text-align: center;\">0532 608 21 22<\/h2>\n<h2 style=\"text-align: center;\">0505 541 41 28<\/h2>\n","protected":false},"excerpt":{"rendered":"<p>Pozant\u0131 ve Tarsus yolu ve otoyolunda hizmet vermekte olan kurtar\u0131c\u0131 \u00e7ekici oto kurtarma acil oto servis oto servis t\u0131r kamyon otomobil ara\u00e7 araba vin\u00e7 hizmetleri veren \u015firketimiz 7 g\u00fcn 24 saat hizmetinizde uygun ucuz fiyat kaliteli oto servis hizmetleri i\u00e7in bize ula\u015f\u0131n. Bizden fiyat almadan arac\u0131n\u0131z\u0131 \u00e7ektirmeyin. 0532 608 21 22 0505 541 41 28<\/p>\n","protected":false},"author":1,"featured_media":0,"parent":0,"menu_order":0,"comment_status":"closed","ping_status":"closed","template":"","meta":[],"_links":{"self":[{"href":"https:\/\/pozantiotokurtarma.com\/index.php\/wp-json\/wp\/v2\/pages\/207"}],"collection":[{"href":"https:\/\/pozantiotokurtarma.com\/index.php\/wp-json\/wp\/v2\/pages"}],"about":[{"href":"https:\/\/pozantiotokurtarma.com\/index.php\/wp-json\/wp\/v2\/types\/page"}],"author":[{"embeddable":true,"href":"https:\/\/pozantiotokurtarma.com\/index.php\/wp-json\/wp\/v2\/users\/1"}],"replies":[{"embeddable":true,"href":"https:\/\/pozantiotokurtarma.com\/index.php\/wp-json\/wp\/v2\/comments?post=207"}],"version-history":[{"count":4,"href":"https:\/\/pozantiotokurtarma.com\/index.php\/wp-json\/wp\/v2\/pages\/207\/revisions"}],"predecessor-version":[{"id":457,"href":"https:\/\/pozantiotokurtarma.com\/index.php\/wp-json\/wp\/v2\/pages\/207\/revisions\/457"}],"wp:attachment":[{"href":"https:\/\/pozantiotokurtarma.com\/index.php\/wp-json\/wp\/v2\/media?parent=207"}],"curies":[{"name":"wp","href":"https:\/\/api.w.org\/{rel}","templated":true}]}}