{"id":201,"date":"2016-02-23T22:50:08","date_gmt":"2016-02-23T20:50:08","guid":{"rendered":"http:\/\/pozantiotokurtarma.com\/?page_id=201"},"modified":"2017-01-28T14:10:51","modified_gmt":"2017-01-28T12:10:51","slug":"pozanti-oto-cekici","status":"publish","type":"page","link":"https:\/\/pozantiotokurtarma.com\/index.php\/pozanti-oto-cekici\/","title":{"rendered":"Pozant\u0131 Oto \u00c7ekici"},"content":{"rendered":"<figure id=\"attachment_373\" aria-describedby=\"caption-attachment-373\" style=\"width: 1024px\" class=\"wp-caption alignnone\"><img loading=\"lazy\" class=\"wp-image-373 size-full\" src=\"http:\/\/pozantiotokurtarma.com\/wp-content\/uploads\/2016\/02\/mountain-1024x405-1.jpg\" alt=\"Pozant\u0131 ara\u00e7 \u00e7ekici\" width=\"1024\" height=\"362\" srcset=\"https:\/\/pozantiotokurtarma.com\/wp-content\/uploads\/2016\/02\/mountain-1024x405-1.jpg 1024w, https:\/\/pozantiotokurtarma.com\/wp-content\/uploads\/2016\/02\/mountain-1024x405-1-300x106.jpg 300w, https:\/\/pozantiotokurtarma.com\/wp-content\/uploads\/2016\/02\/mountain-1024x405-1-768x272.jpg 768w\" sizes=\"(max-width: 1024px) 100vw, 1024px\" \/><figcaption id=\"caption-attachment-373\" class=\"wp-caption-text\">Pozant\u0131 ara\u00e7 \u00e7ekici<\/figcaption><\/figure>\n<p>Pozant\u0131&#8217;da \u00c7ekme kurtarmac\u0131 kurtarma \u00e7ekici oto yard\u0131m kurtar\u0131c\u0131 ve \u00e7ekici hizmeti vermekteyiz iyi hizmet uygun fiyat garantisi i\u00e7in bizi aray\u0131n 7 g\u00fcn 24 saat hizmetinizdeyiz.<\/p>\n<h2 style=\"text-align: center;\">0532 608 21 22<\/h2>\n<h2 style=\"text-align: center;\">0505 541 41 28<\/h2>\n<p>&nbsp;<\/p>\n","protected":false},"excerpt":{"rendered":"<p>Pozant\u0131&#8217;da \u00c7ekme kurtarmac\u0131 kurtarma \u00e7ekici oto yard\u0131m kurtar\u0131c\u0131 ve \u00e7ekici hizmeti vermekteyiz iyi hizmet uygun fiyat garantisi i\u00e7in bizi aray\u0131n 7 g\u00fcn 24 saat hizmetinizdeyiz. 0532 608 21 22 0505 541 41 28 &nbsp;<\/p>\n","protected":false},"author":1,"featured_media":0,"parent":0,"menu_order":0,"comment_status":"closed","ping_status":"closed","template":"","meta":[],"_links":{"self":[{"href":"https:\/\/pozantiotokurtarma.com\/index.php\/wp-json\/wp\/v2\/pages\/201"}],"collection":[{"href":"https:\/\/pozantiotokurtarma.com\/index.php\/wp-json\/wp\/v2\/pages"}],"about":[{"href":"https:\/\/pozantiotokurtarma.com\/index.php\/wp-json\/wp\/v2\/types\/page"}],"author":[{"embeddable":true,"href":"https:\/\/pozantiotokurtarma.com\/index.php\/wp-json\/wp\/v2\/users\/1"}],"replies":[{"embeddable":true,"href":"https:\/\/pozantiotokurtarma.com\/index.php\/wp-json\/wp\/v2\/comments?post=201"}],"version-history":[{"count":4,"href":"https:\/\/pozantiotokurtarma.com\/index.php\/wp-json\/wp\/v2\/pages\/201\/revisions"}],"predecessor-version":[{"id":449,"href":"https:\/\/pozantiotokurtarma.com\/index.php\/wp-json\/wp\/v2\/pages\/201\/revisions\/449"}],"wp:attachment":[{"href":"https:\/\/pozantiotokurtarma.com\/index.php\/wp-json\/wp\/v2\/media?parent=201"}],"curies":[{"name":"wp","href":"https:\/\/api.w.org\/{rel}","templated":true}]}}