{"id":163,"date":"2016-02-20T15:51:22","date_gmt":"2016-02-20T13:51:22","guid":{"rendered":"http:\/\/pozantiotokurtarma.com\/?page_id=163"},"modified":"2017-01-28T14:04:19","modified_gmt":"2017-01-28T12:04:19","slug":"biz-kimiz","status":"publish","type":"page","link":"https:\/\/pozantiotokurtarma.com\/index.php\/biz-kimiz\/","title":{"rendered":"Biz Kimiz"},"content":{"rendered":"<p><strong>T\u00dcRKMENLER V\u0130N\u00c7 VE ARA\u00c7 KURTARMA SAN. T\u0130C. LTD. ST\u0130.<\/strong><\/p>\n<p><b>Adana Pozant\u0131 ve Mersin Tarsus&#8217;un en \u00f6nde gelen en kaliteli en g\u00fcvenilir oto \u00e7ekici yol yard\u0131m oto kurtarma konusunda olduk\u00e7a deneyimli g\u00fcler y\u00fczl\u00fc hizmet etmeyi misyonu olarak benimseyen uygun ve ucuz fiyat\u0131 kaliteyle birle\u015ftiren bir oto kurtarma oto \u00e7ekici oto kurtar\u0131c\u0131 yol yard\u0131m vin\u00e7 \u00e7ekici hizmetleri sunan Pozant\u0131 ve Tarsus konumlu bir \u015firketiz.<\/b><\/p>\n<p><strong>7 g\u00fcn 24 saat hizmetinizdeyiz.<\/strong><\/p>\n<h2 style=\"text-align: center;\">0532 608 21 22<\/h2>\n<h2 style=\"text-align: center;\">0505 541 41 28<\/h2>\n<figure id=\"attachment_374\" aria-describedby=\"caption-attachment-374\" style=\"width: 454px\" class=\"wp-caption alignnone\"><img loading=\"lazy\" class=\"wp-image-374 size-full\" src=\"http:\/\/pozantiotokurtarma.com\/wp-content\/uploads\/2016\/02\/\u00e7ekici-1-1.png\" alt=\"Pozant\u0131 Oto \u00c7ekici\" width=\"454\" height=\"87\" srcset=\"https:\/\/pozantiotokurtarma.com\/wp-content\/uploads\/2016\/02\/\u00e7ekici-1-1.png 454w, https:\/\/pozantiotokurtarma.com\/wp-content\/uploads\/2016\/02\/\u00e7ekici-1-1-300x57.png 300w\" sizes=\"(max-width: 454px) 100vw, 454px\" \/><figcaption id=\"caption-attachment-374\" class=\"wp-caption-text\">Pozant\u0131 Oto \u00c7ekici<\/figcaption><\/figure>\n<p>&nbsp;<\/p>\n<p><a href=\"tel:05326082122\">0532 608 21 22 Mobil Telefonunuzdan buraya T\u0131klayarak bizi arayabilirsiniz.<\/a><\/p>\n","protected":false},"excerpt":{"rendered":"<p>T\u00dcRKMENLER V\u0130N\u00c7 VE ARA\u00c7 KURTARMA SAN. T\u0130C. LTD. ST\u0130. Adana Pozant\u0131 ve Mersin Tarsus&#8217;un en \u00f6nde gelen en kaliteli en g\u00fcvenilir oto \u00e7ekici yol yard\u0131m oto kurtarma konusunda olduk\u00e7a deneyimli g\u00fcler y\u00fczl\u00fc hizmet etmeyi misyonu olarak benimseyen uygun ve ucuz fiyat\u0131 kaliteyle birle\u015ftiren bir oto kurtarma oto \u00e7ekici oto kurtar\u0131c\u0131 yol yard\u0131m vin\u00e7 \u00e7ekici hizmetleri &hellip; <a href=\"https:\/\/pozantiotokurtarma.com\/index.php\/biz-kimiz\/\" class=\"more-link\"><span class=\"screen-reader-text\">Biz Kimiz<\/span> yaz\u0131s\u0131na devam et <span class=\"meta-nav\">&rarr;<\/span><\/a><\/p>\n","protected":false},"author":1,"featured_media":0,"parent":0,"menu_order":0,"comment_status":"closed","ping_status":"closed","template":"","meta":[],"_links":{"self":[{"href":"https:\/\/pozantiotokurtarma.com\/index.php\/wp-json\/wp\/v2\/pages\/163"}],"collection":[{"href":"https:\/\/pozantiotokurtarma.com\/index.php\/wp-json\/wp\/v2\/pages"}],"about":[{"href":"https:\/\/pozantiotokurtarma.com\/index.php\/wp-json\/wp\/v2\/types\/page"}],"author":[{"embeddable":true,"href":"https:\/\/pozantiotokurtarma.com\/index.php\/wp-json\/wp\/v2\/users\/1"}],"replies":[{"embeddable":true,"href":"https:\/\/pozantiotokurtarma.com\/index.php\/wp-json\/wp\/v2\/comments?post=163"}],"version-history":[{"count":14,"href":"https:\/\/pozantiotokurtarma.com\/index.php\/wp-json\/wp\/v2\/pages\/163\/revisions"}],"predecessor-version":[{"id":445,"href":"https:\/\/pozantiotokurtarma.com\/index.php\/wp-json\/wp\/v2\/pages\/163\/revisions\/445"}],"wp:attachment":[{"href":"https:\/\/pozantiotokurtarma.com\/index.php\/wp-json\/wp\/v2\/media?parent=163"}],"curies":[{"name":"wp","href":"https:\/\/api.w.org\/{rel}","templated":true}]}}