{"id":124,"date":"2016-02-17T20:28:53","date_gmt":"2016-02-17T18:28:53","guid":{"rendered":"http:\/\/pozantiotokurtarma.com\/?page_id=124"},"modified":"2017-01-28T14:11:53","modified_gmt":"2017-01-28T12:11:53","slug":"pozanti-oto-kurtarici-0542-2619408","status":"publish","type":"page","link":"https:\/\/pozantiotokurtarma.com\/index.php\/pozanti-oto-kurtarici-0542-2619408\/","title":{"rendered":"Pozant\u0131 Oto Kurtar\u0131c\u0131 0532 6082122"},"content":{"rendered":"<h2>Pozant\u0131 T\u00fcrkmenler Vin\u00e7 ve Ara\u00e7 Kurtarma San. Ticaret Limited \u015eirket Olarak 7\/24 Ara\u00e7 \u00c7ekici Kamyon \u00c7ekici T\u0131r \u00c7ekici ve Vin\u00e7 Hizmetlerini Siz De\u011ferli M\u00fc\u015fterilerimize Sunmaktay\u0131z. Uygun fiyat ve kaliteli hizmet i\u00e7in bize ula\u015fabilirsiniz. Detayl\u0131 bilgi i\u00e7in<\/h2>\n<h2 style=\"text-align: center;\">0532 608 21 22<\/h2>\n<h2 style=\"text-align: center;\">0505 541 41 28<\/h2>\n<p><img loading=\"lazy\" class=\"alignnone size-full wp-image-74\" src=\"http:\/\/pozantiotokurtarma.com\/wp-content\/uploads\/2016\/02\/10-1.jpg\" alt=\"Pozant\u0131 Oto Kurtar\u0131c\u0131\" width=\"720\" height=\"960\" srcset=\"https:\/\/pozantiotokurtarma.com\/wp-content\/uploads\/2016\/02\/10-1.jpg 720w, https:\/\/pozantiotokurtarma.com\/wp-content\/uploads\/2016\/02\/10-1-225x300.jpg 225w, https:\/\/pozantiotokurtarma.com\/wp-content\/uploads\/2016\/02\/10-1-41x55.jpg 41w\" sizes=\"(max-width: 720px) 100vw, 720px\" \/><\/p>\n<p>Pozant\u0131 , Pozant\u0131 Oto Kurtarma, Pozant\u0131 Oto \u00c7ekici, Pozant\u0131 Oto \u00c7ekme, Pozant\u0131 Oto Kurtar\u0131c\u0131, Pozant\u0131 Vin\u00e7 Hizmetleri, Pozant\u0131 Ara\u00e7 Kurtarma, Pozant\u0131 Araba Kurtarma, Pozant\u0131 Ara\u00e7 \u00c7ekici, Pozant\u0131 Kamyon \u00c7ekici, Pozant\u0131 T\u0131r \u00c7ekici, Pozant\u0131 Otob\u00fcs \u00c7ekici, Pozant\u0131 Oto Yard\u0131m, Pozant\u0131 Araba Yard\u0131m Hizmetleri, Pozant\u0131 Ara\u00e7 Kurtar\u0131c\u0131, Pozant\u0131 Yol Yard\u0131m\u0131, Pozant\u0131 Araba Kurtar\u0131c\u0131, Pozant\u0131 Ara\u00e7 Kurtar\u0131c\u0131, Pozant\u0131 Otomobil Kurtar\u0131c\u0131, Pozant\u0131 da Yol Yard\u0131m \u015eirketi, Pozant\u0131 da \u00c7ekici, Pozant\u0131 da Araba \u00c7ekicisi, Pozant\u0131 da Araba Yol Yard\u0131m<br \/>\nUluk\u0131\u015fla, Uluk\u0131\u015fla Oto Kurtarma, Uluk\u0131\u015fla Oto \u00c7ekici, Uluk\u0131\u015fla Oto \u00c7ekme, Uluk\u0131\u015fla Oto Kurtar\u0131c\u0131, Uluk\u0131\u015fla Vin\u00e7 Hizmetleri, Uluk\u0131\u015fla Ara\u00e7 Kurtarma, Uluk\u0131\u015fla Araba Kurtarma, Uluk\u0131\u015fla Ara\u00e7 \u00c7ekici, Uluk\u0131\u015fla Kamyon \u00c7ekici, Uluk\u0131\u015fla T\u0131r \u00c7ekici, Uluk\u0131\u015fla Otob\u00fcs \u00c7ekici, Uluk\u0131\u015fla Oto Yard\u0131m, Uluk\u0131\u015fla Araba Yard\u0131m Hizmetleri, Uluk\u0131\u015fla Ara\u00e7 Kurtar\u0131c\u0131, Uluk\u0131\u015fla Yol Yard\u0131m\u0131, Uluk\u0131\u015fla Araba Kurtar\u0131c\u0131, Uluk\u0131\u015fla Ara\u00e7 Kurtar\u0131c\u0131, Uluk\u0131\u015fla Otomobil Kurtar\u0131c\u0131, Uluk\u0131\u015fla da Yol Yard\u0131m \u015eirketi, Uluk\u0131\u015fla da \u00c7ekici, Uluk\u0131\u015fla da Araba \u00c7ekicisi, Uluk\u0131\u015fla da Araba Yol Yard\u0131m<br \/>\nAk\u00e7atekir, Ak\u00e7atekir Oto Kurtarma, Ak\u00e7atekir Oto \u00c7ekici, Ak\u00e7atekir Oto \u00c7ekme, Ak\u00e7atekir Oto Kurtar\u0131c\u0131, Ak\u00e7atekir Vin\u00e7 Hizmetleri, Ak\u00e7atekir Ara\u00e7 Kurtarma, Ak\u00e7atekir Araba Kurtarma, Ak\u00e7atekir Ara\u00e7 \u00c7ekici, Ak\u00e7atekir Kamyon \u00c7ekici, Ak\u00e7atekir T\u0131r \u00c7ekici, Ak\u00e7atekir Otob\u00fcs \u00c7ekici, Ak\u00e7atekir Oto Yard\u0131m, Ak\u00e7atekir Araba Yard\u0131m Hizmetleri, Ak\u00e7atekir Ara\u00e7 Kurtar\u0131c\u0131, Ak\u00e7atekir Yol Yard\u0131m\u0131, Ak\u00e7atekir Araba Kurtar\u0131c\u0131, Ak\u00e7atekir Ara\u00e7 Kurtar\u0131c\u0131, Ak\u00e7atekir Otomobil Kurtar\u0131c\u0131, Ak\u00e7atekir de Yol Yard\u0131m \u015eirketi, Ak\u00e7atekir de \u00c7ekici, Ak\u00e7atekir de Araba \u00c7ekicisi, Ak\u00e7atekir de Araba Yol Yard\u0131m<br \/>\n\u00c7iftehan, \u00c7iftehan Oto Kurtarma, \u00c7iftehan Oto \u00c7ekici, \u00c7iftehan Oto \u00c7ekme, \u00c7iftehan Oto Kurtar\u0131c\u0131, \u00c7iftehan Vin\u00e7 Hizmetleri, \u00c7iftehan Ara\u00e7 Kurtarma, \u00c7iftehan \u0131 Araba Kurtarma, \u00c7iftehan Ara\u00e7 \u00c7ekici, \u00c7iftehan Kamyon \u00c7ekici, \u00c7iftehan T\u0131r \u00c7ekici, \u00c7iftehan Otob\u00fcs \u00c7ekici, \u00c7iftehan Oto Yard\u0131m, \u00c7iftehan Araba Yard\u0131m Hizmetleri, \u00c7iftehan \u0131 Ara\u00e7 Kurtar\u0131c\u0131, \u00c7iftehan Yol Yard\u0131m\u0131, \u00c7iftehan Araba Kurtar\u0131c\u0131, \u00c7iftehan Ara\u00e7 Kurtar\u0131c\u0131, \u00c7iftehan Otomobil Kurtar\u0131c\u0131, \u00c7iftehan da Yol Yard\u0131m \u015eirketi, \u00c7iftehan da \u00c7ekici, \u00c7iftehan da Araba \u00c7ekicisi, \u00c7iftehan da Araba Yol Yard\u0131m<br \/>\nDamlama, Damlama Oto Kurtarma, Damlama Oto \u00c7ekici, Damlama Oto \u00c7ekme, Damlama Oto Kurtar\u0131c\u0131, Damlama Vin\u00e7 Hizmetleri, Damlama Ara\u00e7 Kurtarma Damlama Araba Kurtarma, Damlama Ara\u00e7 \u00c7ekici, Damlama Kamyon \u00c7ekici, Damlama T\u0131r \u00c7ekici, Damlama Otob\u00fcs \u00c7ekici, Damlama Oto Yard\u0131m, Damlama Araba Yard\u0131m Hizmetleri, Damlama Ara\u00e7 Kurtar\u0131c\u0131, Damlama Yol Yard\u0131m\u0131, Damlama Araba Kurtar\u0131c\u0131, Damlama Ara\u00e7 Kurtar\u0131c\u0131, Damlama Otomobil Kurtar\u0131c\u0131, Damlama da Yol Yard\u0131m \u015eirketi, Damlama da \u00c7ekici, Damlama da Araba \u00c7ekicisi, Damlama da Araba Yol Yard\u0131m<br \/>\n\u00c7amalan , \u00c7amalan Oto Kurtarma, \u00c7amalan Oto \u00c7ekici, \u00c7amalan Oto \u00c7ekme, \u00c7amalan Oto Kurtar\u0131c\u0131, \u00c7amalan Vin\u00e7 Hizmetleri, \u00c7amalan Ara\u00e7 Kurtarma, \u00c7amalan Araba Kurtarma, \u00c7amalan Ara\u00e7 \u00c7ekici, \u00c7amalan Kamyon \u00c7ekici, \u00c7amalan T\u0131r \u00c7ekici, \u00c7amalan Otob\u00fcs \u00c7ekici, \u00c7amalan Oto Yard\u0131m, \u00c7amalan Araba Yard\u0131m Hizmetleri, \u00c7amalan Ara\u00e7 Kurtar\u0131c\u0131, \u00c7amalan Yol Yard\u0131m\u0131, \u00c7amalan Araba Kurtar\u0131c\u0131, \u00c7amalan Ara\u00e7 Kurtar\u0131c\u0131, \u00c7amalan Otomobil Kurtar\u0131c\u0131, \u00c7amalan da Yol Yard\u0131m \u015eirketi, \u00c7amalan da \u00c7ekici, \u00c7amalan da Araba \u00c7ekicisi, \u00c7amalan da Araba Yol Yard\u0131m<br \/>\nZengen, Zengen Oto Kurtarma, Zengen Oto \u00c7ekici, Zengen Oto \u00c7ekme, Zengen Oto Kurtar\u0131c\u0131, Zengen Vin\u00e7 Hizmetleri, Zengen Ara\u00e7 Kurtarma, Zengen Araba Kurtarma, Zengen Ara\u00e7 \u00c7ekici, Zengen Kamyon \u00c7ekici, Zengen T\u0131r \u00c7ekici, Zengen Otob\u00fcs \u00c7ekici, Zengen Oto Yard\u0131m, Zengen Araba Yard\u0131m Hizmetleri, Zengen Ara\u00e7 Kurtar\u0131c\u0131, Zengen Yol Yard\u0131m\u0131, Zengen Araba Kurtar\u0131c\u0131, Zengen Ara\u00e7 Kurtar\u0131c\u0131, Zengen Otomobil Kurtar\u0131c\u0131, Zengen de Yol Yard\u0131m \u015eirketi, Zengen de \u00c7ekici, Zengen de Araba \u00c7ekicisi, Zengen de Araba Yol Yard\u0131m<\/p>\n<p>Tarsus, Tarsus Oto Kurtarma, Tarsus Oto \u00c7ekici, Tarsus Oto \u00c7ekme, Tarsus Oto Kurtar\u0131c\u0131, Tarsus Vin\u00e7 Hizmetleri, Tarsus Ara\u00e7 Kurtarma, Tarsus Araba Kurtarma, Tarsus Ara\u00e7 \u00c7ekici, Tarsus Kamyon \u00c7ekici, Tarsus T\u0131r \u00c7ekici, Tarsus Otob\u00fcs \u00c7ekici, Tarsus Oto Yard\u0131m, Tarsus Araba Yard\u0131m Hizmetleri, Tarsus Ara\u00e7 Kurtar\u0131c\u0131, Tarsus Yol Yard\u0131m\u0131, Tarsus Araba Kurtar\u0131c\u0131, Tarsus Ara\u00e7 Kurtar\u0131c\u0131, Tarsus Otomobil Kurtar\u0131c\u0131, Tarsus da Yol Yard\u0131m \u015eirketi, Tarsus da \u00c7ekici, Tarsus da Araba \u00c7ekicisi, Tarsus da Araba Yol Yard\u0131m<\/p>\n<p>Mersin, Mersin Oto Kurtarma, Mersin Oto \u00c7ekici, Mersin Oto \u00c7ekme, Mersin Oto Kurtar\u0131c\u0131, Mersin Vin\u00e7 Hizmetleri, Mersin Ara\u00e7 Kurtarma, Mersin Araba Kurtarma, Mersin Ara\u00e7 \u00c7ekici, Mersin Kamyon \u00c7ekici, Mersin T\u0131r \u00c7ekici, Mersin Otob\u00fcs \u00c7ekici, Mersin Oto Yard\u0131m, Mersin Araba Yard\u0131m Hizmetleri, Mersin Ara\u00e7 Kurtar\u0131c\u0131, Mersin Yol Yard\u0131m\u0131, Mersin Araba Kurtar\u0131c\u0131, Mersin Ara\u00e7 Kurtar\u0131c\u0131, Mersin Otomobil Kurtar\u0131c\u0131, Mersin de Yol Yard\u0131m \u015eirketi, Mersin de \u00c7ekici, Mersin de Araba \u00c7ekicisi, Mersinde Araba Yol Yard\u0131m<br \/>\nMersin Otoyolu, Mersin Otoyolu Oto Kurtarma, Mersin Otoyolu Oto \u00c7ekici, Mersin Otoyolu Oto \u00c7ekme, Mersin Otoyolu Oto Kurtar\u0131c\u0131, Mersin Otoyolu Vin\u00e7 Hizmetleri, Mersin Otoyolu Ara\u00e7 Kurtarma, Mersin Otoyolu Araba Kurtarma, Mersin Otoyolu Ara\u00e7 \u00c7ekici, Mersin Otoyolu Kamyon \u00c7ekici, Mersin Otoyolu T\u0131r \u00c7ekici, Mersin Otoyolu Otob\u00fcs \u00c7ekici, Mersin Otoyolu Oto Yard\u0131m, Mersin Otoyolu Araba Yard\u0131m Hizmetleri, Mersin Otoyolu Ara\u00e7 Kurtar\u0131c\u0131, Mersin Otoyolu Yol Yard\u0131m\u0131, Mersin Otoyolu Araba Kurtar\u0131c\u0131, Mersin Otoyolu Ara\u00e7 Kurtar\u0131c\u0131, Mersin Otoyolu Otomobil Kurtar\u0131c\u0131, Mersin Otoyolun da Yol Yard\u0131m \u015eirketi, Mersin Otoyolun da \u00c7ekici, Mersin Otoyolun da Araba \u00c7ekicisi, Mersin Otoyolun da Araba Yol Yard\u0131m<br \/>\nTekir, Tekir Oto Kurtarma, Tekir Oto \u00c7ekici, Tekir Oto \u00c7ekme, Tekir Oto Kurtar\u0131c\u0131, Tekir Vin\u00e7 Hizmetleri, Tekir Ara\u00e7 Kurtarma, Tekir Araba Kurtarma, Tekir Ara\u00e7 \u00c7ekici, Tekir Kamyon \u00c7ekici, Tekir T\u0131r \u00c7ekici, Tekir Otob\u00fcs \u00c7ekici, Tekir Oto Yard\u0131m, Tekir Araba Yard\u0131m Hizmetleri, Tekir Ara\u00e7 Kurtar\u0131c\u0131, Tekir Yol Yard\u0131m\u0131, Tekir Araba Kurtar\u0131c\u0131, Tekir Ara\u00e7 Kurtar\u0131c\u0131, Tekir Otomobil Kurtar\u0131c\u0131, Tekir de Yol Yard\u0131m \u015eirketi, Tekir de \u00c7ekici, Tekir de Araba \u00c7ekicisi, Tekir de Araba Yol Yard\u0131m<\/p>\n<p>Ni\u011fde Kolsuz, Ni\u011fde Kolsuz Oto Kurtarma, Ni\u011fde Kolsuz Oto \u00c7ekici, Ni\u011fde Kolsuz Oto \u00c7ekme, Ni\u011fde Kolsuz Oto Kurtar\u0131c\u0131, Ni\u011fde Kolsuz Vin\u00e7 Hizmetleri, Ni\u011fde Kolsuz Ara\u00e7 Kurtarma, Ni\u011fde Kolsuz Araba Kurtarma, Ni\u011fde Kolsuz Ara\u00e7 \u00c7ekici, Ni\u011fde Kolsuz Kamyon \u00c7ekici, Ni\u011fde Kolsuz T\u0131r \u00c7ekici, Ni\u011fde Kolsuz Otob\u00fcs \u00c7ekici, Ni\u011fde Kolsuz Oto Yard\u0131m, Ni\u011fde Kolsuz Araba Yard\u0131m Hizmetleri, Ni\u011fde Kolsuz Ara\u00e7 Kurtar\u0131c\u0131, Ni\u011fde Kolsuz Yol Yard\u0131m\u0131, Ni\u011fde Kolsuz Araba Kurtar\u0131c\u0131, Ni\u011fde Kolsuz Ara\u00e7 Kurtar\u0131c\u0131, Ni\u011fde Kolsuz Otomobil Kurtar\u0131c\u0131, Ni\u011fde Kolsuz da Yol Yard\u0131m \u015eirketi, Ni\u011fde Kolsuz da \u00c7ekici, Ni\u011fde Kolsuz da Araba \u00c7ekicisi, Ni\u011fde Kolsuz da Araba Yol Yard\u0131m<br \/>\nNi\u011fde Eminlik, Ni\u011fde Eminlik Oto Kurtarma, Ni\u011fde Eminlik Oto \u00c7ekici, Ni\u011fde Eminlik Oto \u00c7ekme, Ni\u011fde Eminlik Oto Kurtar\u0131c\u0131, Ni\u011fde Eminlik Vin\u00e7 Hizmetleri, Ni\u011fde Eminlik Ara\u00e7 Kurtarma, Ni\u011fde Eminlik Araba Kurtarma, Ni\u011fde Eminlik Ara\u00e7 \u00c7ekici, Ni\u011fde Eminlik Kamyon \u00c7ekici, Ni\u011fde Eminlik T\u0131r \u00c7ekici, Ni\u011fde Eminlik Otob\u00fcs \u00c7ekici, Ni\u011fde Eminlik Oto Yard\u0131m, Ni\u011fde Eminlik Araba Yard\u0131m Hizmetleri, Ni\u011fde Eminlik Ara\u00e7 Kurtar\u0131c\u0131, Ni\u011fde Eminlik Yol Yard\u0131m\u0131, Ni\u011fde Eminlik Araba Kurtar\u0131c\u0131, Ni\u011fde Eminlik Ara\u00e7 Kurtar\u0131c\u0131, Ni\u011fde Eminlik Otomobil Kurtar\u0131c\u0131, Ni\u011fde Eminlik de Yol Yard\u0131m \u015eirketi, Ni\u011fde Eminlik de \u00c7ekici, Ni\u011fde Eminlik de Araba \u00c7ekicisi, Ni\u011fde Eminlik de Araba Yol Yard\u0131m<\/p>\n<p>Aksaray Ta\u015fp\u0131nar, Aksaray Ta\u015fp\u0131nar Oto Kurtarma, Aksaray Ta\u015fp\u0131nar Oto \u00c7ekici, Aksaray Ta\u015fp\u0131nar Oto \u00c7ekme, Aksaray Ta\u015fp\u0131nar Oto Kurtar\u0131c\u0131, Aksaray Ta\u015fp\u0131nar Vin\u00e7 Hizmetleri, Aksaray Ta\u015fp\u0131nar Ara\u00e7 Kurtarma, Aksaray Ta\u015fp\u0131nar Araba Kurtarma, Aksaray Ta\u015fp\u0131nar Ara\u00e7 \u00c7ekici, Aksaray Ta\u015fp\u0131nar Kamyon \u00c7ekici, Aksaray Ta\u015fp\u0131nar T\u0131r \u00c7ekici, Aksaray Ta\u015fp\u0131nar Otob\u00fcs \u00c7ekici, Aksaray Ta\u015fp\u0131nar Oto Yard\u0131m, Aksaray Ta\u015fp\u0131nar Araba Yard\u0131m Hizmetleri, Aksaray Ta\u015fp\u0131nar Ara\u00e7 Kurtar\u0131c\u0131, Aksaray Ta\u015fp\u0131nar Yol Yard\u0131m\u0131, Aksaray Ta\u015fp\u0131nar Araba Kurtar\u0131c\u0131, Aksaray Ta\u015fp\u0131nar Ara\u00e7 Kurtar\u0131c\u0131, Aksaray Ta\u015fp\u0131nar Otomobil Kurtar\u0131c\u0131, Aksaray Ta\u015fp\u0131nar da Yol Yard\u0131m \u015eirketi, Aksaray Ta\u015fp\u0131nar da \u00c7ekici, Aksaray Ta\u015fp\u0131nar da Araba \u00c7ekicisi, Aksaray Ta\u015fp\u0131nar da Araba Yol Yard\u0131m<br \/>\nEre\u011fli \u00c7akmak, Ere\u011fli \u00c7akmak Oto Kurtarma, Ere\u011fli \u00c7akmak Oto \u00c7ekici, Ere\u011fli \u00c7akmak Oto \u00c7ekme, Ere\u011fli \u00c7akmak Oto Kurtar\u0131c\u0131, Ere\u011fli \u00c7akmak Vin\u00e7 Hizmetleri, Ere\u011fli \u00c7akmak Ara\u00e7 Kurtarma, Ere\u011fli \u00c7akmak Araba Kurtarma, Ere\u011fli \u00c7akmak Ara\u00e7 \u00c7ekici, Ere\u011fli \u00c7akmak Kamyon \u00c7ekici, Ere\u011fli \u00c7akmak T\u0131r \u00c7ekici, Ere\u011fli \u00c7akmak Otob\u00fcs \u00c7ekici, Ere\u011fli \u00c7akmak Oto Yard\u0131m, Ere\u011fli \u00c7akmak Araba Yard\u0131m Hizmetleri, Ere\u011fli \u00c7akmak Ara\u00e7 Kurtar\u0131c\u0131, Ere\u011fli \u00c7akmak Yol Yard\u0131m\u0131, Ere\u011fli \u00c7akmak Araba Kurtar\u0131c\u0131, Ere\u011fli \u00c7akmak Ara\u00e7 Kurtar\u0131c\u0131, Ere\u011fli \u00c7akmak Otomobil Kurtar\u0131c\u0131, Ere\u011fli \u00c7akmak da Yol Yard\u0131m \u015eirketi, Ere\u011fli \u00c7akmak da \u00c7ekici, Ere\u011fli \u00c7akmak da Araba \u00c7ekicisi, Ere\u011fli \u00c7akmak da Araba Yol Yard\u0131m<br \/>\nNi\u011fde Bor, Ni\u011fde Bor Oto Kurtarma, Ni\u011fde Bor Oto \u00c7ekici, Ni\u011fde Bor Oto \u00c7ekme, Ni\u011fde Bor Oto Kurtar\u0131c\u0131, Ni\u011fde Bor Vin\u00e7 Hizmetleri, Ni\u011fde Bor Ara\u00e7 Kurtarma, Ni\u011fde Bor Araba Kurtarma, Ni\u011fde Bor Ara\u00e7 \u00c7ekici, Ni\u011fde Bor Kamyon \u00c7ekici, Ni\u011fde Bor T\u0131r \u00c7ekici, Ni\u011fde Bor Otob\u00fcs \u00c7ekici, Ni\u011fde Bor Oto Yard\u0131m, Ni\u011fde Bor Araba Yard\u0131m Hizmetleri, Ni\u011fde Bor Ara\u00e7 Kurtar\u0131c\u0131, Ni\u011fde Bor Yol Yard\u0131m\u0131, Ni\u011fde Bor Araba Kurtar\u0131c\u0131, Ni\u011fde Bor Ara\u00e7 Kurtar\u0131c\u0131, Ni\u011fde Bor Otomobil Kurtar\u0131c\u0131, Ni\u011fde Bor da Yol Yard\u0131m \u015eirketi, Ni\u011fde Bor da \u00c7ekici, Ni\u011fde Bor da Araba \u00c7ekicisi, Ni\u011fde Bor da Araba Yol Yard\u0131m<\/p>\n<p>Ere\u011fli Makas, Ere\u011fli Makas Oto Kurtarma, Ere\u011fli Makas Oto \u00c7ekici, Ere\u011fli Makas Oto \u00c7ekme, Ere\u011fli Makas Oto Kurtar\u0131c\u0131, Ere\u011fli Makas Vin\u00e7 Hizmetleri, Ere\u011fli Makas Ara\u00e7 Kurtarma, Ere\u011fli Makas Araba Kurtarma, Ere\u011fli Makas Ara\u00e7 \u00c7ekici, Ere\u011fli Makas Kamyon \u00c7ekici, Ere\u011fli Makas T\u0131r \u00c7ekici, Ere\u011fli Makas Otob\u00fcs \u00c7ekici, Ere\u011fli Makas Oto Yard\u0131m, Ere\u011fli Makas Araba Yard\u0131m Hizmetleri, Ere\u011fli Makas Ara\u00e7 Kurtar\u0131c\u0131, Ere\u011fli Makas Yol Yard\u0131m\u0131, Ere\u011fli Makas Araba Kurtar\u0131c\u0131, Ere\u011fli Makas Ara\u00e7 Kurtar\u0131c\u0131, Ere\u011fli Makas Otomobil Kurtar\u0131c\u0131, Ere\u011fli Makas da Yol Yard\u0131m \u015eirketi, Ere\u011fli Makas da \u00c7ekici, Ere\u011fli Makas da Araba \u00c7ekicisi, Ere\u011fli Makas da Araba Yol Yard\u0131m<br \/>\nEre\u011fli Zengen, Ere\u011fli Zengen Oto Kurtarma, Ere\u011fli Zengen Oto \u00c7ekici, Ere\u011fli Zengen Oto \u00c7ekme, Ere\u011fli Zengen Oto Kurtar\u0131c\u0131, Ere\u011fli Zengen Vin\u00e7 Hizmetleri, Ere\u011fli Zengen Ara\u00e7 Kurtarma, Ere\u011fli Zengen Araba Kurtarma, Ere\u011fli Zengen Ara\u00e7 \u00c7ekici, Ere\u011fli Zengen Kamyon \u00c7ekici, Ere\u011fli Zengen T\u0131r \u00c7ekici, Ere\u011fli Zengen Otob\u00fcs \u00c7ekici, Ere\u011fli Zengen Oto Yard\u0131m, Ere\u011fli Zengen Araba Yard\u0131m Hizmetleri, Ere\u011fli Zengen Ara\u00e7 Kurtar\u0131c\u0131, Ere\u011fli Zengen Yol Yard\u0131m\u0131, Ere\u011fli Zengen Araba Kurtar\u0131c\u0131, Ere\u011fli Zengen Ara\u00e7 Kurtar\u0131c\u0131, Ere\u011fli Zengen Otomobil Kurtar\u0131c\u0131, Ere\u011fli Zengen de Yol Yard\u0131m \u015eirketi, Ere\u011fli Zengen de \u00c7ekici, Ere\u011fli Zengen de Araba \u00c7ekicisi, Ere\u011fli Zengen de Araba Yol Yard\u0131m<\/p>\n<p>Ni\u011fde, Ni\u011fde Oto Kurtarma, Ni\u011fde Oto \u00c7ekici, Ni\u011fde Oto \u00c7ekme, Ni\u011fde Oto Kurtar\u0131c\u0131, Ni\u011fde Vin\u00e7 Hizmetleri, Ni\u011fde Ara\u00e7 Kurtarma, Ni\u011fde Araba Kurtarma, Ni\u011fde Ara\u00e7 \u00c7ekici, Ni\u011fde Kamyon \u00c7ekici, Ni\u011fde T\u0131r \u00c7ekici, Ni\u011fde Otob\u00fcs \u00c7ekici, Ni\u011fde Oto Yard\u0131m, Ni\u011fde Araba Yard\u0131m Hizmetleri, Ni\u011fde Ara\u00e7 Kurtar\u0131c\u0131, Ni\u011fde Yol Yard\u0131m\u0131, Ni\u011fde Araba Kurtar\u0131c\u0131, Ni\u011fde Ara\u00e7 Kurtar\u0131c\u0131, Ni\u011fde Otomobil Kurtar\u0131c\u0131, Ni\u011fde de Yol Yard\u0131m \u015eirketi, Ni\u011fde de \u00c7ekici, Ni\u011fde de Araba \u00c7ekicisi, Ni\u011fde de Araba Yol Yard\u0131m<br \/>\nNi\u011fde Otoyolu, Ni\u011fde Otoyolu Oto Kurtarma, Ni\u011fde Otoyolu Oto \u00c7ekici, Ni\u011fde Otoyolu Oto \u00c7ekme, Ni\u011fde Otoyolu Oto Kurtar\u0131c\u0131, Ni\u011fde Otoyolu Vin\u00e7 Hizmetleri, Ni\u011fde Otoyolu Ara\u00e7 Kurtarma, Ni\u011fde Otoyolu Araba Kurtarma, Ni\u011fde Otoyolu Ara\u00e7 \u00c7ekici, Ni\u011fde Otoyolu Kamyon \u00c7ekici, Ni\u011fde Otoyolu T\u0131r \u00c7ekici, Ni\u011fde Otoyolu Otob\u00fcs \u00c7ekici, Ni\u011fde Otoyolu Oto Yard\u0131m, Ni\u011fde Otoyolu Araba Yard\u0131m Hizmetleri, Ni\u011fde Otoyolu Ara\u00e7 Kurtar\u0131c\u0131, Ni\u011fde Otoyolu Yol Yard\u0131m\u0131, Ni\u011fde Otoyolu Araba Kurtar\u0131c\u0131, Ni\u011fde Otoyolu Ara\u00e7 Kurtar\u0131c\u0131, Ni\u011fde Otoyolu Otomobil Kurtar\u0131c\u0131, Ni\u011fde Otoyolun da Yol Yard\u0131m \u015eirketi, Ni\u011fde Otoyolun da \u00c7ekici, Ni\u011fde Otoyolun da Araba \u00c7ekicisi, Ni\u011fde Otoyolun da Araba Yol Yard\u0131m<br \/>\nNi\u011fde Uluk\u0131\u015fla, Ni\u011fde Uluk\u0131\u015fla Oto Kurtarma, Ni\u011fde Uluk\u0131\u015fla Oto \u00c7ekici, Ni\u011fde Uluk\u0131\u015fla Oto \u00c7ekme, Ni\u011fde Uluk\u0131\u015fla Oto Kurtar\u0131c\u0131, Ni\u011fde Uluk\u0131\u015fla Vin\u00e7 Hizmetleri, Ni\u011fde Uluk\u0131\u015fla Ara\u00e7 Kurtarma, Ni\u011fde Uluk\u0131\u015fla Araba Kurtarma, Ni\u011fde Uluk\u0131\u015fla Ara\u00e7 \u00c7ekici, Ni\u011fde Uluk\u0131\u015fla Kamyon \u00c7ekici, Ni\u011fde Uluk\u0131\u015fla T\u0131r \u00c7ekici, Ni\u011fde Uluk\u0131\u015fla Otob\u00fcs \u00c7ekici, Ni\u011fde Uluk\u0131\u015fla Oto Yard\u0131m, Ni\u011fde Uluk\u0131\u015fla Araba Yard\u0131m Hizmetleri, Ni\u011fde Uluk\u0131\u015fla Ara\u00e7 Kurtar\u0131c\u0131, Ni\u011fde Uluk\u0131\u015fla Yol Yard\u0131m\u0131, Ni\u011fde Uluk\u0131\u015fla Araba Kurtar\u0131c\u0131, Ni\u011fde Uluk\u0131\u015fla Ara\u00e7 Kurtar\u0131c\u0131, Ni\u011fde Uluk\u0131\u015fla Otomobil Kurtar\u0131c\u0131, Ni\u011fde Uluk\u0131\u015fla da Yol Yard\u0131m \u015eirketi, Ni\u011fde Uluk\u0131\u015fla da \u00c7ekici, Ni\u011fde Uluk\u0131\u015fla da Araba \u00c7ekicisi, Ni\u011fde Uluk\u0131\u015fla da Araba Yol Yard\u0131m<br \/>\nPelit tesisleri, Pelit tesisleri Oto Kurtarma, Pelit tesisleri Oto \u00c7ekici, Pelit tesisleri Oto \u00c7ekme, Pelit tesisleri Oto Kurtar\u0131c\u0131, Pelit tesisleri Vin\u00e7 Hizmetleri, Pelit tesisleri Ara\u00e7 Kurtarma, Pelit tesisleri Araba Kurtarma, Pelit tesisleri Ara\u00e7 \u00c7ekici, Pelit tesisleri Kamyon \u00c7ekici, Pelit tesisleri T\u0131r \u00c7ekici, Pelit tesisleri Otob\u00fcs \u00c7ekici, Pelit tesisleri Oto Yard\u0131m, Pelit tesisleri Araba Yard\u0131m Hizmetleri, Pelit tesisleri Ara\u00e7 Kurtar\u0131c\u0131, Pelit tesisleri Yol Yard\u0131m\u0131, Pelit tesisleri Araba Kurtar\u0131c\u0131, Pelit tesisleri Ara\u00e7 Kurtar\u0131c\u0131, Pelit tesisleri Otomobil Kurtar\u0131c\u0131, Pelit tesislerin de Yol Yard\u0131m \u015eirketi, Pelit tesislerin de \u00c7ekici, Pelit tesislerin de Araba \u00c7ekicisi, Pelit tesislerin de Araba Yol Yard\u0131m<br \/>\nAdana Otoyolu, Adana Otoyolu Oto Kurtarma, Adana Otoyolu Oto \u00c7ekici, Adana Otoyolu Oto \u00c7ekme, Adana Otoyolu Oto Kurtar\u0131c\u0131, Adana Otoyolu Vin\u00e7 Hizmetleri, Adana Otoyolu Ara\u00e7 Kurtarma, Adana Otoyolu Araba Kurtarma, Adana Otoyolu Ara\u00e7 \u00c7ekici, Adana Otoyolu Kamyon \u00c7ekici, Adana Otoyolu T\u0131r \u00c7ekici, Adana Otoyolu Otob\u00fcs \u00c7ekici, Adana Otoyolu Oto Yard\u0131m, Adana Otoyolu Araba Yard\u0131m Hizmetleri, Adana Otoyolu Ara\u00e7 Kurtar\u0131c\u0131, Adana Otoyolu Yol Yard\u0131m\u0131, Adana Otoyolu Araba Kurtar\u0131c\u0131, Adana Otoyolu Ara\u00e7 Kurtar\u0131c\u0131, Adana Otoyolu Otomobil Kurtar\u0131c\u0131, Adana Otoyolun da Yol Yard\u0131m \u015eirketi, Adana Otoyolun da \u00c7ekici, Adana Otoyolun da Araba \u00c7ekicisi, Adana Otoyolun da Araba Yol Yard\u0131m<br \/>\nAdana Otoban\u0131, Adana Otoban\u0131 Oto Kurtarma, Adana Otoban\u0131 Oto \u00c7ekici, Adana Otoban\u0131 Oto \u00c7ekme, Adana Otoban\u0131 Oto Kurtar\u0131c\u0131, Adana Otoban\u0131 Vin\u00e7 Hizmetleri, Adana Otoban\u0131 Ara\u00e7 Kurtarma, Adana Otoban\u0131 Araba Kurtarma, Adana Otoban\u0131 Ara\u00e7 \u00c7ekici, Adana Otoban\u0131 Kamyon \u00c7ekici, Adana Otoban\u0131 T\u0131r \u00c7ekici, Adana Otoban\u0131 Otob\u00fcs \u00c7ekici, Adana Otoban\u0131 Oto Yard\u0131m, Adana Otoban\u0131 Araba Yard\u0131m Hizmetleri, Adana Otoban\u0131 Ara\u00e7 Kurtar\u0131c\u0131, Adana Otoban\u0131 Yol Yard\u0131m\u0131, Adana Otoban\u0131 Araba Kurtar\u0131c\u0131, Adana Otoban\u0131 Ara\u00e7 Kurtar\u0131c\u0131, Adana Otoban\u0131 Otomobil Kurtar\u0131c\u0131, Adana Otoban\u0131n da Yol Yard\u0131m \u015eirketi, Adana Otoban\u0131n da \u00c7ekici, Adana Otoban\u0131n da Araba \u00c7ekicisi, Adana Otoban\u0131n da Araba Yol Yard\u0131m<\/p>\n<p>\u00c7aml\u0131yayla, \u00c7aml\u0131yayla Oto Kurtarma, \u00c7aml\u0131yayla Oto \u00c7ekici, \u00c7aml\u0131yayla Oto \u00c7ekme, \u00c7aml\u0131yayla Oto Kurtar\u0131c\u0131, \u00c7aml\u0131yayla Vin\u00e7 Hizmetleri, \u00c7aml\u0131yayla Ara\u00e7 Kurtarma, \u00c7aml\u0131yayla Araba Kurtarma, \u00c7aml\u0131yayla Ara\u00e7 \u00c7ekici, \u00c7aml\u0131yayla Kamyon \u00c7ekici, \u00c7aml\u0131yayla T\u0131r \u00c7ekici, \u00c7aml\u0131yayla Otob\u00fcs \u00c7ekici, \u00c7aml\u0131yayla Oto Yard\u0131m, \u00c7aml\u0131yayla Araba Yard\u0131m Hizmetleri, \u00c7aml\u0131yayla Ara\u00e7 Kurtar\u0131c\u0131, \u00c7aml\u0131yayla Yol Yard\u0131m\u0131, \u00c7aml\u0131yayla Araba Kurtar\u0131c\u0131, \u00c7aml\u0131yayla Ara\u00e7 Kurtar\u0131c\u0131, \u00c7aml\u0131yayla Otomobil Kurtar\u0131c\u0131, \u00c7aml\u0131yaylada Yol Yard\u0131m \u015eirketi, \u00c7aml\u0131yaylada \u00c7ekici, \u00c7aml\u0131yaylada Araba \u00c7ekicisi, \u00c7aml\u0131yaylada Araba Yol Yard\u0131m<br \/>\nAdana Pozant\u0131, Adana Pozant\u0131 Oto Kurtarma, Adana Pozant\u0131 Oto \u00c7ekici, Adana Pozant\u0131 Oto \u00c7ekme, Adana Pozant\u0131 Oto Kurtar\u0131c\u0131, Adana Pozant\u0131 Vin\u00e7 Hizmetleri, Adana Pozant\u0131 Ara\u00e7 Kurtarma, Adana Pozant\u0131 Araba Kurtarma, Adana Pozant\u0131 Ara\u00e7 \u00c7ekici, Adana Pozant\u0131 Kamyon \u00c7ekici, Adana Pozant\u0131 T\u0131r \u00c7ekici, Adana Pozant\u0131 Otob\u00fcs \u00c7ekici, Adana Pozant\u0131 Oto Yard\u0131m, Adana Pozant\u0131 Araba Yard\u0131m Hizmetleri, Adana Pozant\u0131 Ara\u00e7 Kurtar\u0131c\u0131, Adana Pozant\u0131 Yol Yard\u0131m\u0131, Adana Pozant\u0131 Araba Kurtar\u0131c\u0131, Adana Pozant\u0131 Ara\u00e7 Kurtar\u0131c\u0131, Adana Pozant\u0131 Otomobil Kurtar\u0131c\u0131, Adana Pozant\u0131 da Yol Yard\u0131m \u015eirketi, Adana Pozant\u0131 da \u00c7ekici, Adana Pozant\u0131 da Araba \u00c7ekicisi, Adana Pozant\u0131 da Araba Yol Yard\u0131m<\/p>\n","protected":false},"excerpt":{"rendered":"<p>Pozant\u0131 T\u00fcrkmenler Vin\u00e7 ve Ara\u00e7 Kurtarma San. Ticaret Limited \u015eirket Olarak 7\/24 Ara\u00e7 \u00c7ekici Kamyon \u00c7ekici T\u0131r \u00c7ekici ve Vin\u00e7 Hizmetlerini Siz De\u011ferli M\u00fc\u015fterilerimize Sunmaktay\u0131z. Uygun fiyat ve kaliteli hizmet i\u00e7in bize ula\u015fabilirsiniz. Detayl\u0131 bilgi i\u00e7in 0532 608 21 22 0505 541 41 28 Pozant\u0131 , Pozant\u0131 Oto Kurtarma, Pozant\u0131 Oto \u00c7ekici, Pozant\u0131 Oto \u00c7ekme, &hellip; <a href=\"https:\/\/pozantiotokurtarma.com\/index.php\/pozanti-oto-kurtarici-0542-2619408\/\" class=\"more-link\"><span class=\"screen-reader-text\">Pozant\u0131 Oto Kurtar\u0131c\u0131 0532 6082122<\/span> yaz\u0131s\u0131na devam et <span class=\"meta-nav\">&rarr;<\/span><\/a><\/p>\n","protected":false},"author":1,"featured_media":0,"parent":0,"menu_order":0,"comment_status":"closed","ping_status":"closed","template":"","meta":[],"_links":{"self":[{"href":"https:\/\/pozantiotokurtarma.com\/index.php\/wp-json\/wp\/v2\/pages\/124"}],"collection":[{"href":"https:\/\/pozantiotokurtarma.com\/index.php\/wp-json\/wp\/v2\/pages"}],"about":[{"href":"https:\/\/pozantiotokurtarma.com\/index.php\/wp-json\/wp\/v2\/types\/page"}],"author":[{"embeddable":true,"href":"https:\/\/pozantiotokurtarma.com\/index.php\/wp-json\/wp\/v2\/users\/1"}],"replies":[{"embeddable":true,"href":"https:\/\/pozantiotokurtarma.com\/index.php\/wp-json\/wp\/v2\/comments?post=124"}],"version-history":[{"count":7,"href":"https:\/\/pozantiotokurtarma.com\/index.php\/wp-json\/wp\/v2\/pages\/124\/revisions"}],"predecessor-version":[{"id":450,"href":"https:\/\/pozantiotokurtarma.com\/index.php\/wp-json\/wp\/v2\/pages\/124\/revisions\/450"}],"wp:attachment":[{"href":"https:\/\/pozantiotokurtarma.com\/index.php\/wp-json\/wp\/v2\/media?parent=124"}],"curies":[{"name":"wp","href":"https:\/\/api.w.org\/{rel}","templated":true}]}}